{"id":2,"date":"2012-11-28T12:03:15","date_gmt":"2012-11-28T10:03:15","guid":{"rendered":"http:\/\/apartments.saler.at\/?page_id=2"},"modified":"2026-01-15T07:08:46","modified_gmt":"2026-01-15T06:08:46","slug":"startseite","status":"publish","type":"page","link":"https:\/\/apartments.saler.at\/","title":{"rendered":"Haus"},"content":{"rendered":"\n<h1 class=\"wp-block-heading\">Herzlich Willkommen in unserem Apartment im sch\u00f6nen Silbertal,<\/h1>\n\n\n\n<p>wenn Sie Ruhe und Erholung suchen, dann sind Sie bei uns genau richtig. In ruhiger, zentraler Lage bietet Ihnen unser neued Haus einen herrlichen Ausblick auf die traumhafte Montafoner Bergkulisse. Vergessen Sie Hektik und Alltagsstress und f\u00fchlen Sie sich bei uns wie zu Hause.<\/p>\n\n\n\n<p>Das Schigebiet Silvretta Montafon erreichen Sie in wenigen Autominuten oder bequem mit dem Schibus, der Sie direkt vor unserem Haus abholt. Abseits der Schipisten l\u00e4dt das Montafon zu herrlichen Winterwanderungen, zum Schneeschuhwandern, Langlaufen, Schitouren oder Rodeln ein.<\/p>\n\n\n\n<p>Im Sommer bietet sich unsere herrliche Bergwelt f\u00fcr sch\u00f6ne Wanderungen und Mountainbiketouren an. Etwa 1130km markierte Wanderwege f\u00fchren Sie von H\u00fctte zu H\u00fctte, vorbei an Alpen und auf die Gipfel der Montafoner Bergketten. Lassen Sie sich von der Bergwelt verzaubern. Das Montafon bietet Ihnen derzeit 270km leichte bis anspruchsvolle Bikestrecken, auf denen Sie Ihren Alltag hinter sich lassen k\u00f6nnen.<\/p>\n\n\n\n<p><\/p>\n\n\n\n<div class=\"wp-block-group is-nowrap is-layout-flex wp-container-core-group-is-layout-ad2f72ca wp-block-group-is-layout-flex\">\n<div class=\"wp-block-cover alignleft is-light has-custom-content-position is-position-center-right\" style=\"min-height:406px;aspect-ratio:unset;\"><img loading=\"lazy\" decoding=\"async\" width=\"1024\" height=\"1024\" class=\"wp-block-cover__image-background wp-image-652 size-large\" alt=\"\" src=\"https:\/\/apartments.saler.at\/wp-content\/uploads\/2026\/01\/Familie-edited-1024x1024.jpg\" data-object-fit=\"cover\" srcset=\"https:\/\/apartments.saler.at\/wp-content\/uploads\/2026\/01\/Familie-edited-1024x1024.jpg 1024w, https:\/\/apartments.saler.at\/wp-content\/uploads\/2026\/01\/Familie-edited-300x300.jpg 300w, https:\/\/apartments.saler.at\/wp-content\/uploads\/2026\/01\/Familie-edited-150x150.jpg 150w, https:\/\/apartments.saler.at\/wp-content\/uploads\/2026\/01\/Familie-edited-768x768.jpg 768w, https:\/\/apartments.saler.at\/wp-content\/uploads\/2026\/01\/Familie-edited-1536x1536.jpg 1536w, https:\/\/apartments.saler.at\/wp-content\/uploads\/2026\/01\/Familie-edited.jpg 1555w\" sizes=\"auto, (max-width: 1024px) 100vw, 1024px\" \/><span aria-hidden=\"true\" class=\"wp-block-cover__background has-background-dim\" style=\"background-color:#86836e\"><\/span><div class=\"wp-block-cover__inner-container is-layout-flow wp-block-cover-is-layout-flow\">\n<p class=\"has-text-align-center has-large-font-size\"><\/p>\n<\/div><\/div>\n\n\n\n<div class=\"wp-block-group\"><div class=\"wp-block-group__inner-container is-layout-constrained wp-block-group-is-layout-constrained\">\n<p><strong>Apartment Saler<\/strong><br \/>Martina Enenkel &amp; Bernd Saler<br \/>Buchenstra\u00dfe\u00a010<br \/>A-6782 Silbertal<br \/>E:<a href=\"mailto:apartment@saler.at\" target=\"_top\" rel=\"noopener\">apartment@saler.at<\/a><br \/>W:<a href=\"https:\/\/www.apartment.saler.at\" target=\"_blank\" rel=\"noopener\">apartment.saler.at<\/a><br \/>T: +43 664 5935577<br \/>T: +43 680 2300815<\/p>\n\n\n\n<p><\/p>\n<\/div><\/div>\n<\/div>\n\n\n\n<p><\/p>\n\n\n\n<p><\/p>\n","protected":false},"excerpt":{"rendered":"<p>Herzlich Willkommen in unserem Apartment im sch\u00f6nen Silbertal, wenn Sie Ruhe und Erholung suchen, dann sind Sie bei uns genau richtig. In ruhiger, zentraler Lage bietet Ihnen unser neued Haus einen herrlichen Ausblick auf die traumhafte Montafoner Bergkulisse. Vergessen Sie &hellip; <a href=\"https:\/\/apartments.saler.at\/\">Weiterlesen <span class=\"meta-nav\">&rarr;<\/span><\/a><\/p>\n","protected":false},"author":1,"featured_media":646,"parent":0,"menu_order":0,"comment_status":"closed","ping_status":"closed","template":"","meta":{"ngg_post_thumbnail":0,"footnotes":""},"class_list":["post-2","page","type-page","status-publish","has-post-thumbnail","hentry"],"_links":{"self":[{"href":"https:\/\/apartments.saler.at\/index.php?rest_route=\/wp\/v2\/pages\/2","targetHints":{"allow":["GET"]}}],"collection":[{"href":"https:\/\/apartments.saler.at\/index.php?rest_route=\/wp\/v2\/pages"}],"about":[{"href":"https:\/\/apartments.saler.at\/index.php?rest_route=\/wp\/v2\/types\/page"}],"author":[{"embeddable":true,"href":"https:\/\/apartments.saler.at\/index.php?rest_route=\/wp\/v2\/users\/1"}],"replies":[{"embeddable":true,"href":"https:\/\/apartments.saler.at\/index.php?rest_route=%2Fwp%2Fv2%2Fcomments&post=2"}],"version-history":[{"count":84,"href":"https:\/\/apartments.saler.at\/index.php?rest_route=\/wp\/v2\/pages\/2\/revisions"}],"predecessor-version":[{"id":658,"href":"https:\/\/apartments.saler.at\/index.php?rest_route=\/wp\/v2\/pages\/2\/revisions\/658"}],"wp:featuredmedia":[{"embeddable":true,"href":"https:\/\/apartments.saler.at\/index.php?rest_route=\/wp\/v2\/media\/646"}],"wp:attachment":[{"href":"https:\/\/apartments.saler.at\/index.php?rest_route=%2Fwp%2Fv2%2Fmedia&parent=2"}],"curies":[{"name":"wp","href":"https:\/\/api.w.org\/{rel}","templated":true}]}}